{"id":973,"date":"2025-07-06T20:31:18","date_gmt":"2025-07-06T18:31:18","guid":{"rendered":"https:\/\/www.clinicadentalflorarabotnicoff.com\/?page_id=973"},"modified":"2025-07-16T13:04:07","modified_gmt":"2025-07-16T11:04:07","slug":"declaracion-de-accesibilidad","status":"publish","type":"page","link":"https:\/\/www.clinicadentalflorarabotnicoff.com\/ca\/declaracion-de-accesibilidad\/","title":{"rendered":"Declaraci\u00f3 d'accessibilitat"},"content":{"rendered":"<h3>Situaci\u00f3 de compliment<\/h3>\n<p style=\"text-align: justify;\">Cl\u00ednica Dental Flora Rabornicoff (d'ara endavant, tamb\u00e9 Lloc Web) \u00e9s parcialment conforme amb el Reial Decret 1112\/2018, de 7 de setembre, a causa de la manca de conformitat dels aspectes que s'indiquen a continuaci\u00f3.<\/p>\n<h4>Contingut no accessible<\/h4>\n<p>El contingut que es recull a continuaci\u00f3 no \u00e9s accessible pels motius seg\u00fcents:<\/p>\n<p><strong>a. Falta de conformitat amb el RD 1112\/2018:<\/strong><\/p>\n<ul>\n<li>Pot haver-hi continguts no textuals que no tinguin una alternativa textual, o que tinguin una alternativa que no sigui adequada.<\/li>\n<li>Poden existir documents amb imatges que no disposen de cap alternativa textual adequada.<\/li>\n<\/ul>\n<p><strong>b. C\u00e0rrega desproporcionada:<\/strong>\u00a0No s'aplica.<\/p>\n<p><strong>c. Contingut no entra a l'\u00e0mbit de la legislaci\u00f3 aplicable:<\/strong><\/p>\n<ul>\n<li>Poden existir fitxers d'ofim\u00e0tica en PDF i altres formats publicats abans del 20 de setembre de 2018 que no compleixin totalment tots els requisits d'accessibilitat. Tot i que s'ha procurat que la majoria s\u00ed que ho compleixin.<\/li>\n<li>Pot haver-hi continguts de tercers que no estiguin desenvolupats en aquesta Unitat ni sota el seu control com imatges, mapes interactius, v\u00eddeos, documents, reproductors, etc.<\/li>\n<li>El lloc web est\u00e0 creat amb un CMS (WordPress), per la qual cosa degut a alguna actualitzaci\u00f3 o canvi en els sistemes, potser no tot el contingut generat o autogenerat compleixi totes les normatives d'accessibilitat.<\/li>\n<\/ul>\n<h4>Preparaci\u00f3 d'aquesta declaraci\u00f3 d'accessibilitat<\/h4>\n<p>Aquesta declaraci\u00f3 va ser preparada el dia 01\/07\/2025<\/p>\n<p>El m\u00e8tode emprat per preparar la declaraci\u00f3 ha estat una autoavaluaci\u00f3 duta a terme per la pr\u00f2pia empresa.<\/p>\n<p>\u00daltima revisi\u00f3 de la declaraci\u00f3: 01\/07\/2025<\/p>\n<h4>Observacions i dades de contacte<\/h4>\n<p>Pot realitzar comunicacions sobre requisits d'accessibilitat (article 10.2.a del Reial decret 1112\/2018, de 7 de setembre) com, per exemple:<\/p>\n<ul>\n<li>Informar sobre qualsevol possible incompliment per part daquest lloc web.<\/li>\n<li>Transmetre altres dificultats dacc\u00e9s al contingut.<\/li>\n<li>Formular qualsevol altra consulta o suggeriment de millora relativa a laccessibilitat del lloc web.<\/li>\n<\/ul>\n<p>A trav\u00e9s de les vies seg\u00fcents:<\/p>\n<ul>\n<li>Correu electr\u00f2nic:<br \/>\n<strong>clinicadentalflorarabotnicoff@gmail.com<\/strong><\/li>\n<li class=\"\">Tel\u00e8fon:<br \/>\n<strong>972 32 51 44<\/strong><\/li>\n<\/ul>\n<p>D'acord amb l'article 10.2.b del RD 1112\/2018, tamb\u00e9 pot presentar:<\/p>\n<ul>\n<li><span class=\"HwtZe\" lang=\"ca\"><span class=\"jCAhz ChMk0b\"><span class=\"ryNqvb\">Una queixa relativa al compliment dels requisits del RD 1112\/2018.<\/span><\/span><\/span><\/li>\n<li><span class=\"HwtZe\" lang=\"ca\"><span class=\"jCAhz ChMk0b\"><span class=\"ryNqvb\">Una sol\u00b7licitud d'informaci\u00f3 accessible relativa a:<\/span><\/span><\/span>\n<ul>\n<li>Continguts que estan exclosos de l'\u00e0mbit daplicaci\u00f3 del RD 1112\/2018 segons el que estableix l'article 3, apartat 4.<\/li>\n<li>Continguts que estan exempts del compliment dels requisits daccessibilitat per imposar una c\u00e0rrega desproporcionada.<\/li>\n<\/ul>\n<\/li>\n<\/ul>\n<p>A la Sol\u00b7licitud d'informaci\u00f3 accessible, cal concretar, amb tota claredat, els fets, les raons i la petici\u00f3 que permetin constatar que es tracta d'una sol\u00b7licitud raonable i leg\u00edtima.<\/p>\n<p>Les comunicacions seran rebudes i tractades per la direcci\u00f3 de l'empresa com a unitat responsable dels continguts daquest lloc web.<\/p>\n<h4>Contingut opcional<\/h4>\n<p style=\"text-align: justify;\">La versi\u00f3 actualment visible d'aquest lloc web \u00e9s del dia 01\/07\/2025 i en aquell moment es va fer la revisi\u00f3 del nivell d'accessibilitat vigent en aquell moment.<\/p>\n<p style=\"text-align: justify;\">A partir de la data esmentada es duen a terme revisions parcials di\u00e0ries del contingut web nou o modificat, tant de les plantilles com de les p\u00e0gines i documents finals publicats, a fi d'assegurar el compliment dels requeriments d'accessibilitat de la Norma UNE-EN 301549:2022, considerant les excepcions del Reial decret 1112\/7.<\/p>\n<p>Entre altres, s'adopten les mesures seg\u00fcents per facilitar l'accessibilitat:<\/p>\n<ul>\n<li>Utilitzaci\u00f3 de text alternatiu a les imatges.<\/li>\n<li>Els enlla\u00e7os ofereixen detalls de la funci\u00f3 o dest\u00ed de l'hiperenlla\u00e7.<\/li>\n<li>\u00das dels est\u00e0ndards de W3C: XHTML 1.0, CSS 3.0, WAI AA.<\/li>\n<\/ul>\n<h4>Compatibilitat<\/h4>\n<p>El lloc web:<\/p>\n<ul>\n<li style=\"text-align: justify;\">s'ha dissenyat adaptant-se als est\u00e0ndards i normatives vigents en relaci\u00f3 a l'accessibilitat, complint amb els punts de verificaci\u00f3 de prioritat 2 (AA) definits a l'especificaci\u00f3 de Pautes d'Accessibilitat al Contingut a la Web (WCAG 2.1).<\/li>\n<li style=\"text-align: justify;\">est\u00e0 optimitzat per a les darreres versions vigents de Chrome, Edge, Firefox, Safari i Opera.<\/li>\n<li style=\"text-align: justify;\">est\u00e0 dissenyat per a la seva correcta visualitzaci\u00f3 en qualsevol resoluci\u00f3 i dispositiu descriptori, tauletes o m\u00f2bils (disseny responsive).<\/li>\n<li style=\"text-align: justify;\">s'ha realitzat utilitzant HTML5 com a llenguatge de marcatge i fulls d'estil CSS 3 per al disseny.<\/li>\n<\/ul>\n<p style=\"text-align: justify;\">A m\u00e9s, es fa un treball continu d'auditoria i revisi\u00f3 de continguts per facilitar-ne la interpretaci\u00f3 i millorar la navegaci\u00f3 pel portal web.<\/p>","protected":false},"excerpt":{"rendered":"<p>Situaci\u00f3n de cumplimiento Cl\u00ednica Dental Flora Rabornicoff (en adelante, tambi\u00e9n Sitio Web) es parcialmente conforme con el Real Decreto 1112\/2018, de 7 de septiembre, debido a la falta de conformidad de los aspectos que se indican a continuaci\u00f3n. Contenido no accesible El contenido que se recoge a continuaci\u00f3n no es accesible por los siguientes motivos:<br \/><a class=\"moretag\" href=\"https:\/\/www.clinicadentalflorarabotnicoff.com\/ca\/declaracion-de-accesibilidad\/\">+ Read More<\/a><\/p>","protected":false},"author":1,"featured_media":0,"parent":0,"menu_order":0,"comment_status":"closed","ping_status":"closed","template":"templates\/page-fullwidth_template.php","meta":{"footnotes":""},"class_list":["post-973","page","type-page","status-publish","hentry"],"_links":{"self":[{"href":"https:\/\/www.clinicadentalflorarabotnicoff.com\/ca\/wp-json\/wp\/v2\/pages\/973","targetHints":{"allow":["GET"]}}],"collection":[{"href":"https:\/\/www.clinicadentalflorarabotnicoff.com\/ca\/wp-json\/wp\/v2\/pages"}],"about":[{"href":"https:\/\/www.clinicadentalflorarabotnicoff.com\/ca\/wp-json\/wp\/v2\/types\/page"}],"author":[{"embeddable":true,"href":"https:\/\/www.clinicadentalflorarabotnicoff.com\/ca\/wp-json\/wp\/v2\/users\/1"}],"replies":[{"embeddable":true,"href":"https:\/\/www.clinicadentalflorarabotnicoff.com\/ca\/wp-json\/wp\/v2\/comments?post=973"}],"version-history":[{"count":0,"href":"https:\/\/www.clinicadentalflorarabotnicoff.com\/ca\/wp-json\/wp\/v2\/pages\/973\/revisions"}],"wp:attachment":[{"href":"https:\/\/www.clinicadentalflorarabotnicoff.com\/ca\/wp-json\/wp\/v2\/media?parent=973"}],"curies":[{"name":"wp","href":"https:\/\/api.w.org\/{rel}","templated":true}]}}