{"id":707,"date":"2025-07-02T16:20:26","date_gmt":"2025-07-02T14:20:26","guid":{"rendered":"https:\/\/www.clinicadentalflorarabotnicoff.com\/?page_id=707"},"modified":"2025-07-02T18:33:40","modified_gmt":"2025-07-02T16:33:40","slug":"aviso-legal","status":"publish","type":"page","link":"https:\/\/www.clinicadentalflorarabotnicoff.com\/ca\/aviso-legal\/","title":{"rendered":"Av\u00eds legal"},"content":{"rendered":"<h4>Informaci\u00f3 de conformitat amb larticle 10 de la LSSI<\/h4>\n<h3>El titular d'aquesta web \u00e9s:<\/h3>\n<p>Identitat: <strong>Flora Rabotnicoff Katz<\/strong><br \/>\nNIF: <strong>40537863H<\/strong><br \/>\nAdre\u00e7a: <strong>Carrer de la Rutlla, 26 | 17220 Sant Feliu de Gu\u00edxols. Girona.<br \/>\n<\/strong>Tel\u00e8fon: <strong>640 642 594<br \/>\n<\/strong>Correu electr\u00f2nic<strong>:<\/strong> <a href=\"mailto:clinicadentalflorarabotnicoff@gmail.com\"><strong>clinicadentalflorarabotnicoff@gmail.com<\/strong><\/a><\/p>\n<h3>Condicions d'\u00fas<\/h3>\n<p style=\"text-align: justify;\">L'\u00fas d'aquesta web implica l'acceptaci\u00f3 plena dels termes i les condicions del present av\u00eds legal. Els possibles conflictes relatius a aquesta web es regiran exclusivament pel dret de l'Estat espanyol.\nTota persona usu\u00e0ria de la web, independentment de la jurisdicci\u00f3 territorial des de la qual es produeixi el seu acc\u00e9s, accepta el compliment i respecte d'aquestes cl\u00e0usules amb ren\u00fancia expressa a qualsevol altre fur que li pogu\u00e9s correspondre.<\/p>\n<h3>Propietat intel\u00b7lectual i industrial<\/h3>\n<p style=\"text-align: justify;\" class=\"translation-block\">La totalitat del contingut d'aquest lloc web, ja siguin textos, imatges, sons, marques, logotips o altres elements, aix\u00ed com subestructura, disseny, combinacions de colors o forma de presentaci\u00f3 dels materials estan protegits per drets de propietat industrial i intel\u00b7lectual que l'usuari d'aquest lloc web ha de respectar. No \u00e9s l\u00edcita la seva transformaci\u00f3 o alteraci\u00f3, comunicaci\u00f3 p\u00fablica o qualsevol altra forma dexplotaci\u00f3 per qualsevol procediment sense lautoritzaci\u00f3 expressa de <strong>Flora Rabotnicoff Katz<\/strong>.<\/p>\n<h3>Responsabilitat sobre els continguts<\/h3>\n<p style=\"text-align: justify;\" class=\"translation-block\">Encara que <strong>Flora Rabotnicoff Katz<\/strong> actua amb la m\u00e0xima dilig\u00e8ncia possible, es pot donar el cas que alguna dada o informaci\u00f3 no estigui del tot actualitzada en el moment que l'usuari del lloc web ho consulti. Per aix\u00f2, les informacions que es presenten en aquesta web tenen una funci\u00f3 orientativa i no obliguen <strong>Flora Rabotnicoff Katz<\/strong>.<\/p>\n<p style=\"text-align: justify;\" class=\"translation-block\"><strong>Flora Rabotnicoff Katz<\/strong> no ser\u00e0 responsable de la informaci\u00f3 que es pugui obtenir a trav\u00e9s d'enlla\u00e7os inclosos a la seva web.<\/p>\n<p style=\"text-align: justify;\" class=\"translation-block\"><strong>Flora Rabotnicoff Katz<\/strong> es reserva la facultat de realitzar, en qualsevol moment i sense necessitat de preav\u00eds, modificacions o actualitzacions de la informaci\u00f3 i de qualsevol dels elements que integrin el disseny i configuraci\u00f3 de la p\u00e0gina web.<\/p>\n<h3>Llei aplicable i jurisdicci\u00f3<\/h3>\n<p style=\"text-align: justify;\">L'\u00fas d'aquest lloc web implica l'acceptaci\u00f3 plena dels termes i les condicions de la present pol\u00edtica legal. Els possibles conflictes relatius a aquesta web es regiran exclusivament per la legislaci\u00f3 espanyola, sent competents els Jutjats i Tribunals espanyols per con\u00e8ixer de quantes q\u00fcestions se suscitin sobre aquesta. L'usuari, per virtut de la seva acceptaci\u00f3, renuncia expressament a qualsevol fur que per aplicaci\u00f3 de la Llei d'Enjudiciament Civil vigent li pugui correspondre.<\/p>","protected":false},"excerpt":{"rendered":"<p>Informaci\u00f3n de conformidad con el art\u00edculo 10 de la LSSI El titular de esta web es: Identidad: Flora Rabotnicoff Katz NIF: 40537863H Direcci\u00f3n: Carrer de la Rutlla, 26 | 17220 Sant Feliu de Gu\u00edxols. Girona. Tel\u00e9fono: 640 642 594 Correo electr\u00f3nico: clinicadentalflorarabotnicoff@gmail.com Condiciones de uso El uso de esta web implica la aceptaci\u00f3n plena de<br \/><a class=\"moretag\" href=\"https:\/\/www.clinicadentalflorarabotnicoff.com\/ca\/aviso-legal\/\">+ Read More<\/a><\/p>","protected":false},"author":1,"featured_media":0,"parent":0,"menu_order":0,"comment_status":"closed","ping_status":"closed","template":"templates\/page-fullwidth_template.php","meta":{"footnotes":""},"class_list":["post-707","page","type-page","status-publish","hentry"],"_links":{"self":[{"href":"https:\/\/www.clinicadentalflorarabotnicoff.com\/ca\/wp-json\/wp\/v2\/pages\/707","targetHints":{"allow":["GET"]}}],"collection":[{"href":"https:\/\/www.clinicadentalflorarabotnicoff.com\/ca\/wp-json\/wp\/v2\/pages"}],"about":[{"href":"https:\/\/www.clinicadentalflorarabotnicoff.com\/ca\/wp-json\/wp\/v2\/types\/page"}],"author":[{"embeddable":true,"href":"https:\/\/www.clinicadentalflorarabotnicoff.com\/ca\/wp-json\/wp\/v2\/users\/1"}],"replies":[{"embeddable":true,"href":"https:\/\/www.clinicadentalflorarabotnicoff.com\/ca\/wp-json\/wp\/v2\/comments?post=707"}],"version-history":[{"count":0,"href":"https:\/\/www.clinicadentalflorarabotnicoff.com\/ca\/wp-json\/wp\/v2\/pages\/707\/revisions"}],"wp:attachment":[{"href":"https:\/\/www.clinicadentalflorarabotnicoff.com\/ca\/wp-json\/wp\/v2\/media?parent=707"}],"curies":[{"name":"wp","href":"https:\/\/api.w.org\/{rel}","templated":true}]}}