{"id":268,"date":"2025-06-11T22:44:26","date_gmt":"2025-06-11T20:44:26","guid":{"rendered":"https:\/\/www.clinicadentalflorarabotnicoff.com\/?page_id=268"},"modified":"2025-07-23T22:20:29","modified_gmt":"2025-07-23T20:20:29","slug":"blog","status":"publish","type":"page","link":"https:\/\/www.clinicadentalflorarabotnicoff.com\/ca\/blog\/","title":{"rendered":"Blog"},"content":{"rendered":"<div data-elementor-type=\"wp-page\" data-elementor-id=\"268\" class=\"elementor elementor-268\" data-elementor-post-type=\"page\">\n\t\t\t\t<div class=\"elementor-element elementor-element-e260c64 e-con-full e-flex e-con e-parent\" data-id=\"e260c64\" data-element_type=\"container\" data-e-type=\"container\">\n\t\t\t\t<div class=\"elementor-element elementor-element-364ba44 elementor-grid-1 elementor-posts--thumbnail-left elementor-posts--align-center elementor-grid-tablet-1 elementor-grid-mobile-1 elementor-widget elementor-widget-posts\" data-id=\"364ba44\" data-element_type=\"widget\" data-e-type=\"widget\" data-settings=\"{&quot;classic_columns&quot;:&quot;1&quot;,&quot;classic_row_gap&quot;:{&quot;unit&quot;:&quot;px&quot;,&quot;size&quot;:40,&quot;sizes&quot;:[]},&quot;pagination_type&quot;:&quot;numbers&quot;,&quot;classic_columns_tablet&quot;:&quot;1&quot;,&quot;classic_row_gap_mobile&quot;:{&quot;unit&quot;:&quot;px&quot;,&quot;size&quot;:6,&quot;sizes&quot;:[]},&quot;classic_columns_mobile&quot;:&quot;1&quot;,&quot;classic_row_gap_tablet&quot;:{&quot;unit&quot;:&quot;px&quot;,&quot;size&quot;:&quot;&quot;,&quot;sizes&quot;:[]}}\" data-widget_type=\"posts.classic\">\n\t\t\t\t<div class=\"elementor-widget-container\">\n\t\t\t\t\t\t\t<div class=\"elementor-posts-container elementor-posts elementor-posts--skin-classic elementor-grid\" role=\"list\">\n\t\t\t\t<article class=\"elementor-post elementor-grid-item post-962 post type-post status-publish format-standard has-post-thumbnail hentry category-blog\" role=\"listitem\">\n\t\t\t\t<a class=\"elementor-post__thumbnail__link\" href=\"https:\/\/www.clinicadentalflorarabotnicoff.com\/ca\/2025\/07\/05\/ortodoncia-invisible-sonrie-con-confianza-sin-brackets-a-la-vista\/\" tabindex=\"-1\" target=\"&quot;_blank&quot;\">\n\t\t\t<div class=\"elementor-post__thumbnail\"><img fetchpriority=\"high\" decoding=\"async\" width=\"800\" height=\"545\" src=\"https:\/\/www.clinicadentalflorarabotnicoff.com\/wp-content\/uploads\/2025\/07\/Clinica-Dental-Flora-Rabotnicoff-Sant-Feliu-de-Guixols-Blog-Ortodoncia-invisible.jpg\" class=\"attachment-full size-full wp-image-964\" alt=\"Cl\u00ednica Dental Flora Rabotnicoff - Sant Feliu de Gu\u00edxols - Bloc - Ortod\u00f2ncia invisible\" srcset=\"https:\/\/www.clinicadentalflorarabotnicoff.com\/wp-content\/uploads\/2025\/07\/Clinica-Dental-Flora-Rabotnicoff-Sant-Feliu-de-Guixols-Blog-Ortodoncia-invisible.jpg 800w, https:\/\/www.clinicadentalflorarabotnicoff.com\/wp-content\/uploads\/2025\/07\/Clinica-Dental-Flora-Rabotnicoff-Sant-Feliu-de-Guixols-Blog-Ortodoncia-invisible-300x204.jpg 300w, https:\/\/www.clinicadentalflorarabotnicoff.com\/wp-content\/uploads\/2025\/07\/Clinica-Dental-Flora-Rabotnicoff-Sant-Feliu-de-Guixols-Blog-Ortodoncia-invisible-768x523.jpg 768w\" sizes=\"(max-width: 800px) 100vw, 800px\" \/><\/div>\n\t\t<\/a>\n\t\t\t\t<div class=\"elementor-post__text\">\n\t\t\t\t<h2 class=\"elementor-post__title\">\n\t\t\t<a href=\"https:\/\/www.clinicadentalflorarabotnicoff.com\/ca\/2025\/07\/05\/ortodoncia-invisible-sonrie-con-confianza-sin-brackets-a-la-vista\/\" target=\"&quot;_blank&quot;\">\n\t\t\t\tOrtod\u00f2ncia Invisible: Somriu amb confian\u00e7a, sense brackets a la vista\t\t\t<\/a>\n\t\t<\/h2>\n\t\t\t\t<div class=\"elementor-post__excerpt\">\n\t\t\t<p>T'agradaria alinear les teves dents sense que ning\u00fa ho noti? L'ortod\u00f2ncia invisible ha revolucionat la manera com corregim el somriure, combinant efic\u00e0cia, comoditat i est\u00e8tica. A Cl\u00ednica Dental<\/p>\n\t\t<\/div>\n\t\t\n\t\t<a class=\"elementor-post__read-more\" href=\"https:\/\/www.clinicadentalflorarabotnicoff.com\/ca\/2025\/07\/05\/ortodoncia-invisible-sonrie-con-confianza-sin-brackets-a-la-vista\/\" aria-label=\"Read more about Ortodoncia Invisible: Sonr\u00ede con confianza, sin brackets a la vista\" tabindex=\"-1\" target=\"_blank\">\n\t\t\tLlegir m\u00e9s \u00bb\t\t<\/a>\n\n\t\t\t\t<\/div>\n\t\t\t\t<\/article>\n\t\t\t\t<article class=\"elementor-post elementor-grid-item post-934 post type-post status-publish format-standard has-post-thumbnail hentry category-blog\" role=\"listitem\">\n\t\t\t\t<a class=\"elementor-post__thumbnail__link\" href=\"https:\/\/www.clinicadentalflorarabotnicoff.com\/ca\/2025\/06\/10\/estrenamos-nueva-web-bienvenidos-a-la-clinica-dental-flora-rabotnicoff-online\/\" tabindex=\"-1\" target=\"&quot;_blank&quot;\">\n\t\t\t<div class=\"elementor-post__thumbnail\"><img decoding=\"async\" width=\"900\" height=\"600\" src=\"https:\/\/www.clinicadentalflorarabotnicoff.com\/wp-content\/uploads\/2025\/07\/Clinica-Dental-Flora-Rabotnicoff-Sant-Feliu-de-Guixols-Blog-Estrenamos-nueva-web.jpg\" class=\"attachment-full size-full wp-image-937\" alt=\"Cl\u00ednica Dental Flora Rabotnicoff - Sant Feliu de Gu\u00edxols - Blog - Estrenem nova web\" srcset=\"https:\/\/www.clinicadentalflorarabotnicoff.com\/wp-content\/uploads\/2025\/07\/Clinica-Dental-Flora-Rabotnicoff-Sant-Feliu-de-Guixols-Blog-Estrenamos-nueva-web.jpg 900w, https:\/\/www.clinicadentalflorarabotnicoff.com\/wp-content\/uploads\/2025\/07\/Clinica-Dental-Flora-Rabotnicoff-Sant-Feliu-de-Guixols-Blog-Estrenamos-nueva-web-300x200.jpg 300w, https:\/\/www.clinicadentalflorarabotnicoff.com\/wp-content\/uploads\/2025\/07\/Clinica-Dental-Flora-Rabotnicoff-Sant-Feliu-de-Guixols-Blog-Estrenamos-nueva-web-768x512.jpg 768w\" sizes=\"(max-width: 900px) 100vw, 900px\" \/><\/div>\n\t\t<\/a>\n\t\t\t\t<div class=\"elementor-post__text\">\n\t\t\t\t<h2 class=\"elementor-post__title\">\n\t\t\t<a href=\"https:\/\/www.clinicadentalflorarabotnicoff.com\/ca\/2025\/06\/10\/estrenamos-nueva-web-bienvenidos-a-la-clinica-dental-flora-rabotnicoff-online\/\" target=\"&quot;_blank&quot;\">\n\t\t\t\tEstrenem nova web! Benvinguts a la Cl\u00ednica Dental Flora Rabotnicoff online\t\t\t<\/a>\n\t\t<\/h2>\n\t\t\t\t<div class=\"elementor-post__excerpt\">\n\t\t\t<p>A Cl\u00ednica Dental Flora Rabotnicoff estem d'estrena, i volem compartir-ho amb tu! Estrenem la nostra p\u00e0gina web per oferir-te una experi\u00e8ncia m\u00e9s c\u00f2moda, moderna i propera, pensada perqu\u00e8 trobis tota<\/p>\n\t\t<\/div>\n\t\t\n\t\t<a class=\"elementor-post__read-more\" href=\"https:\/\/www.clinicadentalflorarabotnicoff.com\/ca\/2025\/06\/10\/estrenamos-nueva-web-bienvenidos-a-la-clinica-dental-flora-rabotnicoff-online\/\" aria-label=\"Read more about \u00a1Estrenamos nueva web! Bienvenidos a la Cl\u00ednica Dental Flora Rabotnicoff online\" tabindex=\"-1\" target=\"_blank\">\n\t\t\tLlegir m\u00e9s \u00bb\t\t<\/a>\n\n\t\t\t\t<\/div>\n\t\t\t\t<\/article>\n\t\t\t\t<\/div>\n\t\t\n\t\t\t\t\t\t<\/div>\n\t\t\t\t<\/div>\n\t\t\t\t<\/div>\n\t\t\t\t<\/div>","protected":false},"excerpt":{"rendered":"","protected":false},"author":1,"featured_media":0,"parent":0,"menu_order":0,"comment_status":"closed","ping_status":"closed","template":"templates\/page-fullwidth_template.php","meta":{"footnotes":""},"class_list":["post-268","page","type-page","status-publish","hentry"],"_links":{"self":[{"href":"https:\/\/www.clinicadentalflorarabotnicoff.com\/ca\/wp-json\/wp\/v2\/pages\/268","targetHints":{"allow":["GET"]}}],"collection":[{"href":"https:\/\/www.clinicadentalflorarabotnicoff.com\/ca\/wp-json\/wp\/v2\/pages"}],"about":[{"href":"https:\/\/www.clinicadentalflorarabotnicoff.com\/ca\/wp-json\/wp\/v2\/types\/page"}],"author":[{"embeddable":true,"href":"https:\/\/www.clinicadentalflorarabotnicoff.com\/ca\/wp-json\/wp\/v2\/users\/1"}],"replies":[{"embeddable":true,"href":"https:\/\/www.clinicadentalflorarabotnicoff.com\/ca\/wp-json\/wp\/v2\/comments?post=268"}],"version-history":[{"count":0,"href":"https:\/\/www.clinicadentalflorarabotnicoff.com\/ca\/wp-json\/wp\/v2\/pages\/268\/revisions"}],"wp:attachment":[{"href":"https:\/\/www.clinicadentalflorarabotnicoff.com\/ca\/wp-json\/wp\/v2\/media?parent=268"}],"curies":[{"name":"wp","href":"https:\/\/api.w.org\/{rel}","templated":true}]}}