{"id":266,"date":"2025-06-11T22:44:08","date_gmt":"2025-06-11T20:44:08","guid":{"rendered":"https:\/\/www.clinicadentalflorarabotnicoff.com\/?page_id=266"},"modified":"2025-07-02T18:29:09","modified_gmt":"2025-07-02T16:29:09","slug":"nuestro-centro","status":"publish","type":"page","link":"https:\/\/www.clinicadentalflorarabotnicoff.com\/ca\/nuestro-centro\/","title":{"rendered":"El nostre centre"},"content":{"rendered":"<div data-elementor-type=\"wp-page\" data-elementor-id=\"266\" class=\"elementor elementor-266\" data-elementor-post-type=\"page\">\n\t\t\t\t<div class=\"elementor-element elementor-element-8e49c01 e-con-full e-flex e-con e-parent\" data-id=\"8e49c01\" data-element_type=\"container\" data-e-type=\"container\">\n\t\t\t\t<div class=\"elementor-element elementor-element-8ac3d1e elementor-widget elementor-widget-text-editor\" data-id=\"8ac3d1e\" data-element_type=\"widget\" data-e-type=\"widget\" data-widget_type=\"text-editor.default\">\n\t\t\t\t\t\t\t\t\t<p class=\"translation-block\">A <strong>Cl\u00ednica Dental Flora Rabotnicoff<\/strong> oferim un espai modern i acollidor dissenyat per brindar-te la millor experi\u00e8ncia en salut dental.<\/p><p>Comptem amb tecnologia d'\u00faltima generaci\u00f3, un equip de professionals altament capacitats i un ambient c\u00f2mode per garantir el vostre benestar en cada visita.<\/p><p>El nostre comprom\u00eds \u00e9s oferir-te tractaments personalitzats amb la m\u00e0xima qualitat i cura, assegurant que el teu somriure llueixi saludable i radiant.<\/p>\t\t\t\t\t\t\t\t<\/div>\n\t\t\t\t<div class=\"elementor-element elementor-element-0c66a3f elementor-widget elementor-widget-heading\" data-id=\"0c66a3f\" data-element_type=\"widget\" data-e-type=\"widget\" data-widget_type=\"heading.default\">\n\t\t\t\t\t<h3 class=\"elementor-heading-title elementor-size-default\">Visita'ns i descobreix una nova manera de cuidar la teva salut bucal!<\/h3>\t\t\t\t<\/div>\n\t\t\t\t<div class=\"elementor-element elementor-element-354c71f elementor-widget elementor-widget-heading\" data-id=\"354c71f\" data-element_type=\"widget\" data-e-type=\"widget\" data-widget_type=\"heading.default\">\n\t\t\t\t\t<h2 class=\"elementor-heading-title elementor-size-default\">Imatges<\/h2>\t\t\t\t<\/div>\n\t\t\t\t<div class=\"elementor-element elementor-element-beedceb elementor-widget elementor-widget-gallery\" data-id=\"beedceb\" data-element_type=\"widget\" data-e-type=\"widget\" data-settings=\"{&quot;columns&quot;:3,&quot;gap&quot;:{&quot;unit&quot;:&quot;px&quot;,&quot;size&quot;:6,&quot;sizes&quot;:[]},&quot;gap_tablet&quot;:{&quot;unit&quot;:&quot;px&quot;,&quot;size&quot;:4,&quot;sizes&quot;:[]},&quot;gap_mobile&quot;:{&quot;unit&quot;:&quot;px&quot;,&quot;size&quot;:3,&quot;sizes&quot;:[]},&quot;aspect_ratio&quot;:&quot;16:9&quot;,&quot;lazyload&quot;:&quot;yes&quot;,&quot;gallery_layout&quot;:&quot;grid&quot;,&quot;columns_tablet&quot;:2,&quot;columns_mobile&quot;:1,&quot;link_to&quot;:&quot;file&quot;,&quot;overlay_background&quot;:&quot;yes&quot;,&quot;content_hover_animation&quot;:&quot;fade-in&quot;}\" data-widget_type=\"gallery.default\">\n\t\t\t\t\t\t\t<div class=\"elementor-gallery__container\">\n\t\t\t\t\t\t\t<a class=\"e-gallery-item elementor-gallery-item elementor-animated-content\" href=\"https:\/\/www.clinicadentalflorarabotnicoff.com\/wp-content\/uploads\/2025\/07\/Clinica-Dental-Flora-Rabotnicoff-Sant-Feliu-de-Guixols-Nuestro-centro-2.jpg\" data-elementor-open-lightbox=\"yes\" data-elementor-lightbox-slideshow=\"beedceb\" data-elementor-lightbox-title=\"Cl\u00ednica Dental Flora Rabotnicoff - Sant Feliu de Gu\u00edxols - Nuestro centro\" data-e-action-hash=\"#elementor-action%3Aaction%3Dlightbox%26settings%3DeyJpZCI6NjUzLCJ1cmwiOiJodHRwczpcL1wvd3d3LmNsaW5pY2FkZW50YWxmbG9yYXJhYm90bmljb2ZmLmNvbVwvd3AtY29udGVudFwvdXBsb2Fkc1wvMjAyNVwvMDdcL0NsaW5pY2EtRGVudGFsLUZsb3JhLVJhYm90bmljb2ZmLVNhbnQtRmVsaXUtZGUtR3VpeG9scy1OdWVzdHJvLWNlbnRyby0yLmpwZyIsInNsaWRlc2hvdyI6ImJlZWRjZWIifQ%3D%3D\">\n\t\t\t\t\t<div class=\"e-gallery-image elementor-gallery-item__image\" data-thumbnail=\"https:\/\/www.clinicadentalflorarabotnicoff.com\/wp-content\/uploads\/2025\/07\/Clinica-Dental-Flora-Rabotnicoff-Sant-Feliu-de-Guixols-Nuestro-centro-2.jpg\" data-width=\"960\" data-height=\"540\" aria-label=\"Cl\u00ednica Dental Flora Rabotnicoff - Sant Feliu de Gu\u00edxols - El nostre centre\" role=\"img\" ><\/div>\n\t\t\t\t\t\t\t\t\t\t\t<div class=\"elementor-gallery-item__overlay\"><\/div>\n\t\t\t\t\t\t\t\t\t\t\t\t\t\t<\/a>\n\t\t\t\t\t\t\t<a class=\"e-gallery-item elementor-gallery-item elementor-animated-content\" href=\"https:\/\/www.clinicadentalflorarabotnicoff.com\/wp-content\/uploads\/2025\/07\/Clinica-Dental-Flora-Rabotnicoff-Sant-Feliu-de-Guixols-Nuestro-centro-1.jpg\" data-elementor-open-lightbox=\"yes\" data-elementor-lightbox-slideshow=\"beedceb\" data-elementor-lightbox-title=\"Cl\u00ednica Dental Flora Rabotnicoff - Sant Feliu de Gu\u00edxols - Nuestro centro\" data-e-action-hash=\"#elementor-action%3Aaction%3Dlightbox%26settings%3DeyJpZCI6NjUyLCJ1cmwiOiJodHRwczpcL1wvd3d3LmNsaW5pY2FkZW50YWxmbG9yYXJhYm90bmljb2ZmLmNvbVwvd3AtY29udGVudFwvdXBsb2Fkc1wvMjAyNVwvMDdcL0NsaW5pY2EtRGVudGFsLUZsb3JhLVJhYm90bmljb2ZmLVNhbnQtRmVsaXUtZGUtR3VpeG9scy1OdWVzdHJvLWNlbnRyby0xLmpwZyIsInNsaWRlc2hvdyI6ImJlZWRjZWIifQ%3D%3D\">\n\t\t\t\t\t<div class=\"e-gallery-image elementor-gallery-item__image\" data-thumbnail=\"https:\/\/www.clinicadentalflorarabotnicoff.com\/wp-content\/uploads\/2025\/07\/Clinica-Dental-Flora-Rabotnicoff-Sant-Feliu-de-Guixols-Nuestro-centro-1.jpg\" data-width=\"960\" data-height=\"540\" aria-label=\"Cl\u00ednica Dental Flora Rabotnicoff - Sant Feliu de Gu\u00edxols - El nostre centre\" role=\"img\" ><\/div>\n\t\t\t\t\t\t\t\t\t\t\t<div class=\"elementor-gallery-item__overlay\"><\/div>\n\t\t\t\t\t\t\t\t\t\t\t\t\t\t<\/a>\n\t\t\t\t\t\t\t<a class=\"e-gallery-item elementor-gallery-item elementor-animated-content\" href=\"https:\/\/www.clinicadentalflorarabotnicoff.com\/wp-content\/uploads\/2025\/07\/Clinica-Dental-Flora-Rabotnicoff-Sant-Feliu-de-Guixols-Nuestro-centro-4.jpg\" data-elementor-open-lightbox=\"yes\" data-elementor-lightbox-slideshow=\"beedceb\" data-elementor-lightbox-title=\"Cl\u00ednica Dental Flora Rabotnicoff - Sant Feliu de Gu\u00edxols - Nuestro centro\" data-e-action-hash=\"#elementor-action%3Aaction%3Dlightbox%26settings%3DeyJpZCI6NjU1LCJ1cmwiOiJodHRwczpcL1wvd3d3LmNsaW5pY2FkZW50YWxmbG9yYXJhYm90bmljb2ZmLmNvbVwvd3AtY29udGVudFwvdXBsb2Fkc1wvMjAyNVwvMDdcL0NsaW5pY2EtRGVudGFsLUZsb3JhLVJhYm90bmljb2ZmLVNhbnQtRmVsaXUtZGUtR3VpeG9scy1OdWVzdHJvLWNlbnRyby00LmpwZyIsInNsaWRlc2hvdyI6ImJlZWRjZWIifQ%3D%3D\">\n\t\t\t\t\t<div class=\"e-gallery-image elementor-gallery-item__image\" data-thumbnail=\"https:\/\/www.clinicadentalflorarabotnicoff.com\/wp-content\/uploads\/2025\/07\/Clinica-Dental-Flora-Rabotnicoff-Sant-Feliu-de-Guixols-Nuestro-centro-4.jpg\" data-width=\"960\" data-height=\"540\" aria-label=\"Cl\u00ednica Dental Flora Rabotnicoff - Sant Feliu de Gu\u00edxols - El nostre centre\" role=\"img\" ><\/div>\n\t\t\t\t\t\t\t\t\t\t\t<div class=\"elementor-gallery-item__overlay\"><\/div>\n\t\t\t\t\t\t\t\t\t\t\t\t\t\t<\/a>\n\t\t\t\t\t\t\t<a class=\"e-gallery-item elementor-gallery-item elementor-animated-content\" href=\"https:\/\/www.clinicadentalflorarabotnicoff.com\/wp-content\/uploads\/2025\/07\/Clinica-Dental-Flora-Rabotnicoff-Sant-Feliu-de-Guixols-Nuestro-centro-3.jpg\" data-elementor-open-lightbox=\"yes\" data-elementor-lightbox-slideshow=\"beedceb\" data-elementor-lightbox-title=\"Cl\u00ednica Dental Flora Rabotnicoff - Sant Feliu de Gu\u00edxols - Nuestro centro\" data-e-action-hash=\"#elementor-action%3Aaction%3Dlightbox%26settings%3DeyJpZCI6NjU0LCJ1cmwiOiJodHRwczpcL1wvd3d3LmNsaW5pY2FkZW50YWxmbG9yYXJhYm90bmljb2ZmLmNvbVwvd3AtY29udGVudFwvdXBsb2Fkc1wvMjAyNVwvMDdcL0NsaW5pY2EtRGVudGFsLUZsb3JhLVJhYm90bmljb2ZmLVNhbnQtRmVsaXUtZGUtR3VpeG9scy1OdWVzdHJvLWNlbnRyby0zLmpwZyIsInNsaWRlc2hvdyI6ImJlZWRjZWIifQ%3D%3D\">\n\t\t\t\t\t<div class=\"e-gallery-image elementor-gallery-item__image\" data-thumbnail=\"https:\/\/www.clinicadentalflorarabotnicoff.com\/wp-content\/uploads\/2025\/07\/Clinica-Dental-Flora-Rabotnicoff-Sant-Feliu-de-Guixols-Nuestro-centro-3.jpg\" data-width=\"960\" data-height=\"540\" aria-label=\"Cl\u00ednica Dental Flora Rabotnicoff - Sant Feliu de Gu\u00edxols - El nostre centre\" role=\"img\" ><\/div>\n\t\t\t\t\t\t\t\t\t\t\t<div class=\"elementor-gallery-item__overlay\"><\/div>\n\t\t\t\t\t\t\t\t\t\t\t\t\t\t<\/a>\n\t\t\t\t\t\t\t<a class=\"e-gallery-item elementor-gallery-item elementor-animated-content\" href=\"https:\/\/www.clinicadentalflorarabotnicoff.com\/wp-content\/uploads\/2025\/07\/Clinica-Dental-Flora-Rabotnicoff-Sant-Feliu-de-Guixols-Nuestro-centro-6.jpg\" data-elementor-open-lightbox=\"yes\" data-elementor-lightbox-slideshow=\"beedceb\" data-elementor-lightbox-title=\"Cl\u00ednica Dental Flora Rabotnicoff - Sant Feliu de Gu\u00edxols - Nuestro centro\" data-e-action-hash=\"#elementor-action%3Aaction%3Dlightbox%26settings%3DeyJpZCI6NjU3LCJ1cmwiOiJodHRwczpcL1wvd3d3LmNsaW5pY2FkZW50YWxmbG9yYXJhYm90bmljb2ZmLmNvbVwvd3AtY29udGVudFwvdXBsb2Fkc1wvMjAyNVwvMDdcL0NsaW5pY2EtRGVudGFsLUZsb3JhLVJhYm90bmljb2ZmLVNhbnQtRmVsaXUtZGUtR3VpeG9scy1OdWVzdHJvLWNlbnRyby02LmpwZyIsInNsaWRlc2hvdyI6ImJlZWRjZWIifQ%3D%3D\">\n\t\t\t\t\t<div class=\"e-gallery-image elementor-gallery-item__image\" data-thumbnail=\"https:\/\/www.clinicadentalflorarabotnicoff.com\/wp-content\/uploads\/2025\/07\/Clinica-Dental-Flora-Rabotnicoff-Sant-Feliu-de-Guixols-Nuestro-centro-6.jpg\" data-width=\"960\" data-height=\"540\" aria-label=\"Cl\u00ednica Dental Flora Rabotnicoff - Sant Feliu de Gu\u00edxols - El nostre centre\" role=\"img\" ><\/div>\n\t\t\t\t\t\t\t\t\t\t\t<div class=\"elementor-gallery-item__overlay\"><\/div>\n\t\t\t\t\t\t\t\t\t\t\t\t\t\t<\/a>\n\t\t\t\t\t\t\t<a class=\"e-gallery-item elementor-gallery-item elementor-animated-content\" href=\"https:\/\/www.clinicadentalflorarabotnicoff.com\/wp-content\/uploads\/2025\/07\/Clinica-Dental-Flora-Rabotnicoff-Sant-Feliu-de-Guixols-Nuestro-centro-5.jpg\" data-elementor-open-lightbox=\"yes\" data-elementor-lightbox-slideshow=\"beedceb\" data-elementor-lightbox-title=\"Cl\u00ednica Dental Flora Rabotnicoff - Sant Feliu de Gu\u00edxols - Nuestro centro\" data-e-action-hash=\"#elementor-action%3Aaction%3Dlightbox%26settings%3DeyJpZCI6NjU2LCJ1cmwiOiJodHRwczpcL1wvd3d3LmNsaW5pY2FkZW50YWxmbG9yYXJhYm90bmljb2ZmLmNvbVwvd3AtY29udGVudFwvdXBsb2Fkc1wvMjAyNVwvMDdcL0NsaW5pY2EtRGVudGFsLUZsb3JhLVJhYm90bmljb2ZmLVNhbnQtRmVsaXUtZGUtR3VpeG9scy1OdWVzdHJvLWNlbnRyby01LmpwZyIsInNsaWRlc2hvdyI6ImJlZWRjZWIifQ%3D%3D\">\n\t\t\t\t\t<div class=\"e-gallery-image elementor-gallery-item__image\" data-thumbnail=\"https:\/\/www.clinicadentalflorarabotnicoff.com\/wp-content\/uploads\/2025\/07\/Clinica-Dental-Flora-Rabotnicoff-Sant-Feliu-de-Guixols-Nuestro-centro-5.jpg\" data-width=\"960\" data-height=\"540\" aria-label=\"Cl\u00ednica Dental Flora Rabotnicoff - Sant Feliu de Gu\u00edxols - El nostre centre\" role=\"img\" ><\/div>\n\t\t\t\t\t\t\t\t\t\t\t<div class=\"elementor-gallery-item__overlay\"><\/div>\n\t\t\t\t\t\t\t\t\t\t\t\t\t\t<\/a>\n\t\t\t\t\t<\/div>\n\t\t\t\t\t<\/div>\n\t\t\t\t<div class=\"elementor-element elementor-element-94faa63 elementor-widget elementor-widget-heading\" data-id=\"94faa63\" data-element_type=\"widget\" data-e-type=\"widget\" data-widget_type=\"heading.default\">\n\t\t\t\t\t<h2 class=\"elementor-heading-title elementor-size-default\">On som<\/h2>\t\t\t\t<\/div>\n\t\t\t\t<div class=\"elementor-element elementor-element-e194b65 elementor-widget elementor-widget-google_maps\" data-id=\"e194b65\" data-element_type=\"widget\" data-e-type=\"widget\" data-widget_type=\"google_maps.default\">\n\t\t\t\t\t\t\t<div class=\"elementor-custom-embed\">\n\t\t\t<iframe loading=\"lazy\"\n\t\t\t\t\tsrc=\"https:\/\/maps.google.com\/maps?q=Clinica%20dental%20Flora%20Rabornicoff&#038;t=m&#038;z=16&#038;output=embed&#038;iwloc=near\"\n\t\t\t\t\ttitle=\"Clinica dental Flora Rabornicoff\"\n\t\t\t\t\taria-label=\"Clinica dental Flora Rabornicoff\"\n\t\t\t><\/iframe>\n\t\t<\/div>\n\t\t\t\t\t\t<\/div>\n\t\t\t\t<div class=\"elementor-element elementor-element-4a09e23 elementor-widget elementor-widget-heading\" data-id=\"4a09e23\" data-element_type=\"widget\" data-e-type=\"widget\" data-widget_type=\"heading.default\">\n\t\t\t\t\t<h2 class=\"elementor-heading-title elementor-size-default\">Horari<\/h2>\t\t\t\t<\/div>\n\t\t\t\t<div class=\"elementor-element elementor-element-a142d5c elementor-widget__width-initial elementor-widget elementor-widget-price-list\" data-id=\"a142d5c\" data-element_type=\"widget\" data-e-type=\"widget\" data-widget_type=\"price-list.default\">\n\t\t\t\t\t\n\t\t<ul class=\"elementor-price-list\">\n\n\t\t\t\t\t\t\t\t\t<li class=\"elementor-price-list-item\">\t\t\t\t\n\t\t\t\t<div class=\"elementor-price-list-text\">\n\t\t\t\t\t\t\t\t\t<div class=\"elementor-price-list-header\">\n\t\t\t\t\t\t\t\t\t\t\t<span class=\"elementor-price-list-title\">\n\t\t\t\t\t\t\tDilluns\t\t\t\t\t\t<\/span>\n\t\t\t\t\t\t\t\t\t\t\t\t\t\t\t\t\t\t\t\t\t\t\t\t<span class=\"elementor-price-list-price\">8:00-14:00 | 16:00-19:00<\/span>\n\t\t\t\t\t\t\t\t\t\t<\/div>\n\t\t\t\t\t\t\t\t\t\t\t\t<\/div>\n\t\t\t\t<\/li>\t\t\t\t\t\t\t\t\t\t\t\t<li class=\"elementor-price-list-item\">\t\t\t\t\n\t\t\t\t<div class=\"elementor-price-list-text\">\n\t\t\t\t\t\t\t\t\t<div class=\"elementor-price-list-header\">\n\t\t\t\t\t\t\t\t\t\t\t<span class=\"elementor-price-list-title\">\n\t\t\t\t\t\t\tDimarts\t\t\t\t\t\t<\/span>\n\t\t\t\t\t\t\t\t\t\t\t\t\t\t\t\t\t\t\t\t\t\t\t\t<span class=\"elementor-price-list-price\">9:00-11:00 | 14:00-20:00<\/span>\n\t\t\t\t\t\t\t\t\t\t<\/div>\n\t\t\t\t\t\t\t\t\t\t\t\t<\/div>\n\t\t\t\t<\/li>\t\t\t\t\t\t\t\t\t\t\t\t<li class=\"elementor-price-list-item\">\t\t\t\t\n\t\t\t\t<div class=\"elementor-price-list-text\">\n\t\t\t\t\t\t\t\t\t<div class=\"elementor-price-list-header\">\n\t\t\t\t\t\t\t\t\t\t\t<span class=\"elementor-price-list-title\">\n\t\t\t\t\t\t\tDimecres\t\t\t\t\t\t<\/span>\n\t\t\t\t\t\t\t\t\t\t\t\t\t\t\t\t\t\t\t\t\t\t\t\t<span class=\"elementor-price-list-price\">8:00.14:00 | 16:00-19:00<\/span>\n\t\t\t\t\t\t\t\t\t\t<\/div>\n\t\t\t\t\t\t\t\t\t\t\t\t<\/div>\n\t\t\t\t<\/li>\t\t\t\t\t\t\t\t\t\t\t\t<li class=\"elementor-price-list-item\">\t\t\t\t\n\t\t\t\t<div class=\"elementor-price-list-text\">\n\t\t\t\t\t\t\t\t\t<div class=\"elementor-price-list-header\">\n\t\t\t\t\t\t\t\t\t\t\t<span class=\"elementor-price-list-title\">\n\t\t\t\t\t\t\tDijous\t\t\t\t\t\t<\/span>\n\t\t\t\t\t\t\t\t\t\t\t\t\t\t\t\t\t\t\t\t\t\t\t\t<span class=\"elementor-price-list-price\">9:00-11:00 | 14:00-20:00<\/span>\n\t\t\t\t\t\t\t\t\t\t<\/div>\n\t\t\t\t\t\t\t\t\t\t\t\t<\/div>\n\t\t\t\t<\/li>\t\t\t\t\t\t\t\t\t\t\t\t<li class=\"elementor-price-list-item\">\t\t\t\t\n\t\t\t\t<div class=\"elementor-price-list-text\">\n\t\t\t\t\t\t\t\t\t<div class=\"elementor-price-list-header\">\n\t\t\t\t\t\t\t\t\t\t\t<span class=\"elementor-price-list-title\">\n\t\t\t\t\t\t\tDivendres\t\t\t\t\t\t<\/span>\n\t\t\t\t\t\t\t\t\t\t\t\t\t\t\t\t\t\t\t\t\t\t\t\t<span class=\"elementor-price-list-price\">8:00-14:00<\/span>\n\t\t\t\t\t\t\t\t\t\t<\/div>\n\t\t\t\t\t\t\t\t\t\t\t\t<\/div>\n\t\t\t\t<\/li>\t\t\t\t\t\t\t\t\t\t\t\t<li class=\"elementor-price-list-item\">\t\t\t\t\n\t\t\t\t<div class=\"elementor-price-list-text\">\n\t\t\t\t\t\t\t\t\t<div class=\"elementor-price-list-header\">\n\t\t\t\t\t\t\t\t\t\t\t<span class=\"elementor-price-list-title\">\n\t\t\t\t\t\t\tDissabte i Diumenge\t\t\t\t\t\t<\/span>\n\t\t\t\t\t\t\t\t\t\t\t\t\t\t\t\t\t\t\t\t\t\t\t\t<span class=\"elementor-price-list-price\">Tancat<\/span>\n\t\t\t\t\t\t\t\t\t\t<\/div>\n\t\t\t\t\t\t\t\t\t\t\t\t<\/div>\n\t\t\t\t<\/li>\t\t\t\t\t\n\t\t<\/ul>\n\n\t\t\t\t\t\t<\/div>\n\t\t\t\t<\/div>\n\t\t\t\t<\/div>","protected":false},"excerpt":{"rendered":"<p>En Cl\u00ednica Dental Flora Rabotnicoff ofrecemos un espacio moderno y acogedor dise\u00f1ado para brindarte la mejor experiencia en salud dental. Contamos con tecnolog\u00eda de \u00faltima generaci\u00f3n, un equipo de profesionales altamente capacitados y un ambiente c\u00f3modo para garantizar tu bienestar en cada visita. Nuestro compromiso es ofrecerte tratamientos personalizados con la m\u00e1xima calidad y cuidado,<br \/><a class=\"moretag\" href=\"https:\/\/www.clinicadentalflorarabotnicoff.com\/ca\/nuestro-centro\/\">+ Read More<\/a><\/p>","protected":false},"author":1,"featured_media":0,"parent":0,"menu_order":0,"comment_status":"closed","ping_status":"closed","template":"templates\/page-fullwidth_template.php","meta":{"footnotes":""},"class_list":["post-266","page","type-page","status-publish","hentry"],"_links":{"self":[{"href":"https:\/\/www.clinicadentalflorarabotnicoff.com\/ca\/wp-json\/wp\/v2\/pages\/266","targetHints":{"allow":["GET"]}}],"collection":[{"href":"https:\/\/www.clinicadentalflorarabotnicoff.com\/ca\/wp-json\/wp\/v2\/pages"}],"about":[{"href":"https:\/\/www.clinicadentalflorarabotnicoff.com\/ca\/wp-json\/wp\/v2\/types\/page"}],"author":[{"embeddable":true,"href":"https:\/\/www.clinicadentalflorarabotnicoff.com\/ca\/wp-json\/wp\/v2\/users\/1"}],"replies":[{"embeddable":true,"href":"https:\/\/www.clinicadentalflorarabotnicoff.com\/ca\/wp-json\/wp\/v2\/comments?post=266"}],"version-history":[{"count":0,"href":"https:\/\/www.clinicadentalflorarabotnicoff.com\/ca\/wp-json\/wp\/v2\/pages\/266\/revisions"}],"wp:attachment":[{"href":"https:\/\/www.clinicadentalflorarabotnicoff.com\/ca\/wp-json\/wp\/v2\/media?parent=266"}],"curies":[{"name":"wp","href":"https:\/\/api.w.org\/{rel}","templated":true}]}}