{"id":1047,"date":"2025-07-08T17:53:56","date_gmt":"2025-07-08T15:53:56","guid":{"rendered":"https:\/\/www.clinicadentalflorarabotnicoff.com\/?page_id=1047"},"modified":"2025-07-15T13:18:28","modified_gmt":"2025-07-15T11:18:28","slug":"equipo","status":"publish","type":"page","link":"https:\/\/www.clinicadentalflorarabotnicoff.com\/ca\/equipo\/","title":{"rendered":"Equip"},"content":{"rendered":"<div data-elementor-type=\"wp-page\" data-elementor-id=\"1047\" class=\"elementor elementor-1047\" data-elementor-post-type=\"page\">\n\t\t\t\t\t\t<section class=\"elementor-section elementor-top-section elementor-element elementor-element-3c1cd82 elementor-reverse-tablet elementor-reverse-mobile elementor-section-boxed elementor-section-height-default elementor-section-height-default\" data-id=\"3c1cd82\" data-element_type=\"section\" data-e-type=\"section\" data-settings=\"{&quot;background_background&quot;:&quot;gradient&quot;}\">\n\t\t\t\t\t\t<div class=\"elementor-container elementor-column-gap-no\">\n\t\t\t\t\t<div class=\"elementor-column elementor-col-50 elementor-top-column elementor-element elementor-element-e3d56f2 animated-slow\" data-id=\"e3d56f2\" data-element_type=\"column\" data-e-type=\"column\" data-settings=\"{&quot;animation&quot;:&quot;none&quot;}\">\n\t\t\t<div class=\"elementor-widget-wrap elementor-element-populated\">\n\t\t\t\t\t\t<div class=\"elementor-element elementor-element-d2c7c1e video-poster elementor-widget elementor-widget-image\" data-id=\"d2c7c1e\" data-element_type=\"widget\" data-e-type=\"widget\" data-widget_type=\"image.default\">\n\t\t\t\t\t\t\t\t\t\t\t\t\t\t\t<img fetchpriority=\"high\" decoding=\"async\" width=\"590\" height=\"700\" src=\"https:\/\/www.clinicadentalflorarabotnicoff.com\/wp-content\/uploads\/2025\/07\/Clinica-Dental-Flora-Rabotnicoff-Sant-Feliu-de-Guixols-Equipo-Doctor-Hugo-Esquiaga.jpg\" class=\"attachment-full size-full wp-image-1073\" alt=\"Cl\u00ednica Dental Flora Rabotnicoff - Sant Feliu de Gu\u00edxols - Equip - Doctor Hugo Esquiaga\" srcset=\"https:\/\/www.clinicadentalflorarabotnicoff.com\/wp-content\/uploads\/2025\/07\/Clinica-Dental-Flora-Rabotnicoff-Sant-Feliu-de-Guixols-Equipo-Doctor-Hugo-Esquiaga.jpg 590w, https:\/\/www.clinicadentalflorarabotnicoff.com\/wp-content\/uploads\/2025\/07\/Clinica-Dental-Flora-Rabotnicoff-Sant-Feliu-de-Guixols-Equipo-Doctor-Hugo-Esquiaga-253x300.jpg 253w\" sizes=\"(max-width: 590px) 100vw, 590px\" \/>\t\t\t\t\t\t\t\t\t\t\t\t\t\t\t<\/div>\n\t\t\t\t\t<\/div>\n\t\t<\/div>\n\t\t\t\t<div class=\"elementor-column elementor-col-50 elementor-top-column elementor-element elementor-element-3e8f3c4 animated-slow\" data-id=\"3e8f3c4\" data-element_type=\"column\" data-e-type=\"column\" data-settings=\"{&quot;animation&quot;:&quot;none&quot;}\">\n\t\t\t<div class=\"elementor-widget-wrap elementor-element-populated\">\n\t\t\t\t\t\t<div class=\"elementor-element elementor-element-83b4f7f elementor-widget elementor-widget-heading\" data-id=\"83b4f7f\" data-element_type=\"widget\" data-e-type=\"widget\" data-widget_type=\"heading.default\">\n\t\t\t\t\t<h3 class=\"elementor-heading-title elementor-size-default\">Dr. Hugo Esquiaga Garc\u00eda<\/h3>\t\t\t\t<\/div>\n\t\t\t\t<div class=\"elementor-element elementor-element-afd6a4f elementor-widget elementor-widget-heading\" data-id=\"afd6a4f\" data-element_type=\"widget\" data-e-type=\"widget\" data-widget_type=\"heading.default\">\n\t\t\t\t\t<h3 class=\"elementor-heading-title elementor-size-default\">Cirurgia Oral<\/h3>\t\t\t\t<\/div>\n\t\t\t\t<div class=\"elementor-element elementor-element-3f627a7 elementor-widget elementor-widget-text-editor\" data-id=\"3f627a7\" data-element_type=\"widget\" data-e-type=\"widget\" data-widget_type=\"text-editor.default\">\n\t\t\t\t\t\t\t\t\t<p>Nascut a Argentina l'any 1957.<\/p><p>Llicenciat en odontologia per la Universitat Nacional de Rosario l'any 1983.<\/p><p>Homologaci\u00f3 del t\u00edtol pel Ministeri d\u00b4Educaci\u00f3 d'Espanya.<\/p><p>M\u00e0ster en implantologia i prostod\u00f2ncia al Centre d'Estudis Superiors i Investigaci\u00f3 dental a Barcelona (CIDESID).<\/p><p>Col\u00b7legiat al Col\u00b7legi superior d\u2019odont\u00f2legs i estomat\u00f2legs de Catalunya (COEC) N\u00ba1645.<\/p>\t\t\t\t\t\t\t\t<\/div>\n\t\t\t\t\t<\/div>\n\t\t<\/div>\n\t\t\t\t\t<\/div>\n\t\t<\/section>\n\t\t\t\t<section class=\"elementor-section elementor-top-section elementor-element elementor-element-f64d238 elementor-section-boxed elementor-section-height-default elementor-section-height-default\" data-id=\"f64d238\" data-element_type=\"section\" data-e-type=\"section\" data-settings=\"{&quot;background_background&quot;:&quot;gradient&quot;}\">\n\t\t\t\t\t\t<div class=\"elementor-container elementor-column-gap-no\">\n\t\t\t\t\t<div class=\"elementor-column elementor-col-50 elementor-top-column elementor-element elementor-element-6670bba animated-slow\" data-id=\"6670bba\" data-element_type=\"column\" data-e-type=\"column\" data-settings=\"{&quot;animation&quot;:&quot;none&quot;}\">\n\t\t\t<div class=\"elementor-widget-wrap elementor-element-populated\">\n\t\t\t\t\t\t<div class=\"elementor-element elementor-element-3f57d8f elementor-widget elementor-widget-heading\" data-id=\"3f57d8f\" data-element_type=\"widget\" data-e-type=\"widget\" data-widget_type=\"heading.default\">\n\t\t\t\t\t<h3 class=\"elementor-heading-title elementor-size-default\">DRA. FLORA DEBORA RABOTNICOFF KATZ<\/h3>\t\t\t\t<\/div>\n\t\t\t\t<div class=\"elementor-element elementor-element-82dc3a5 elementor-widget elementor-widget-heading\" data-id=\"82dc3a5\" data-element_type=\"widget\" data-e-type=\"widget\" data-widget_type=\"heading.default\">\n\t\t\t\t\t<h3 class=\"elementor-heading-title elementor-size-default\">Odontologia general, nens i adults<\/h3>\t\t\t\t<\/div>\n\t\t\t\t<div class=\"elementor-element elementor-element-c53f4d6 elementor-widget elementor-widget-text-editor\" data-id=\"c53f4d6\" data-element_type=\"widget\" data-e-type=\"widget\" data-widget_type=\"text-editor.default\">\n\t\t\t\t\t\t\t\t\t<p>Nascuda a Argentina l'any 1960.<\/p><p>Llicenciada en odontologia per la Universitat Nacional de Rosario l'any 1983.<\/p><p>Especialitzaci\u00f3 en odontopediatria, ortod\u00f2ncia i ortop\u00e8dia dels maxil\u00b7lars.<\/p><p>Col\u00b7legiada al Col\u00b7legi superior d\u2019odont\u00f2legs i estomat\u00f2legs de Catalunya (COEC) N\u00ba1673.<\/p>\t\t\t\t\t\t\t\t<\/div>\n\t\t\t\t\t<\/div>\n\t\t<\/div>\n\t\t\t\t<div class=\"elementor-column elementor-col-50 elementor-top-column elementor-element elementor-element-e1bc634 animated-slow\" data-id=\"e1bc634\" data-element_type=\"column\" data-e-type=\"column\" data-settings=\"{&quot;animation&quot;:&quot;none&quot;}\">\n\t\t\t<div class=\"elementor-widget-wrap elementor-element-populated\">\n\t\t\t\t\t\t<div class=\"elementor-element elementor-element-a374110 video-poster elementor-widget elementor-widget-image\" data-id=\"a374110\" data-element_type=\"widget\" data-e-type=\"widget\" data-widget_type=\"image.default\">\n\t\t\t\t\t\t\t\t\t\t\t\t\t\t\t<img decoding=\"async\" width=\"590\" height=\"700\" src=\"https:\/\/www.clinicadentalflorarabotnicoff.com\/wp-content\/uploads\/2025\/07\/Clinica-Dental-Flora-Rabotnicoff-Sant-Feliu-de-Guixols-Equipo-Doctora-Flora-Rabotnicoff.jpg\" class=\"attachment-full size-full wp-image-1090\" alt=\"Cl\u00ednica Dental Flora Rabotnicoff - Sant Feliu de Gu\u00edxols - Equip - Doctora Flora Rabotnicoff\" srcset=\"https:\/\/www.clinicadentalflorarabotnicoff.com\/wp-content\/uploads\/2025\/07\/Clinica-Dental-Flora-Rabotnicoff-Sant-Feliu-de-Guixols-Equipo-Doctora-Flora-Rabotnicoff.jpg 590w, https:\/\/www.clinicadentalflorarabotnicoff.com\/wp-content\/uploads\/2025\/07\/Clinica-Dental-Flora-Rabotnicoff-Sant-Feliu-de-Guixols-Equipo-Doctora-Flora-Rabotnicoff-253x300.jpg 253w\" sizes=\"(max-width: 590px) 100vw, 590px\" \/>\t\t\t\t\t\t\t\t\t\t\t\t\t\t\t<\/div>\n\t\t\t\t\t<\/div>\n\t\t<\/div>\n\t\t\t\t\t<\/div>\n\t\t<\/section>\n\t\t\t\t<\/div>","protected":false},"excerpt":{"rendered":"<p>Dr. Hugo Esquiaga Garc\u00eda Cirug\u00eda Oral Nacido en Argentina en el a\u00f1o 1957. Licenciado en odontolog\u00eda por la Universidad Nacional de Rosario en el a\u00f1o 1983. Homologaci\u00f3n del t\u00edtulo por el Ministerio de Educaci\u00f3n de Espa\u00f1a. Master en implantolog\u00eda y prostodoncia en el Centro de Estudios Superiores e Investigaci\u00f3n dental en Barcelona (CIDESID). Colegiado en<br \/><a class=\"moretag\" href=\"https:\/\/www.clinicadentalflorarabotnicoff.com\/ca\/equipo\/\">+ Read More<\/a><\/p>","protected":false},"author":1,"featured_media":0,"parent":0,"menu_order":0,"comment_status":"closed","ping_status":"closed","template":"templates\/page-fullwidth_template.php","meta":{"footnotes":""},"class_list":["post-1047","page","type-page","status-publish","hentry"],"_links":{"self":[{"href":"https:\/\/www.clinicadentalflorarabotnicoff.com\/ca\/wp-json\/wp\/v2\/pages\/1047","targetHints":{"allow":["GET"]}}],"collection":[{"href":"https:\/\/www.clinicadentalflorarabotnicoff.com\/ca\/wp-json\/wp\/v2\/pages"}],"about":[{"href":"https:\/\/www.clinicadentalflorarabotnicoff.com\/ca\/wp-json\/wp\/v2\/types\/page"}],"author":[{"embeddable":true,"href":"https:\/\/www.clinicadentalflorarabotnicoff.com\/ca\/wp-json\/wp\/v2\/users\/1"}],"replies":[{"embeddable":true,"href":"https:\/\/www.clinicadentalflorarabotnicoff.com\/ca\/wp-json\/wp\/v2\/comments?post=1047"}],"version-history":[{"count":0,"href":"https:\/\/www.clinicadentalflorarabotnicoff.com\/ca\/wp-json\/wp\/v2\/pages\/1047\/revisions"}],"wp:attachment":[{"href":"https:\/\/www.clinicadentalflorarabotnicoff.com\/ca\/wp-json\/wp\/v2\/media?parent=1047"}],"curies":[{"name":"wp","href":"https:\/\/api.w.org\/{rel}","templated":true}]}}